{"id":3490,"date":"2018-04-07T20:30:56","date_gmt":"2018-04-07T19:30:56","guid":{"rendered":"https:\/\/adrialibar.com\/oko\/"},"modified":"2026-03-10T21:39:59","modified_gmt":"2026-03-10T20:39:59","slug":"o-nama","status":"publish","type":"page","link":"https:\/\/adrialibar.com\/hr\/o-nama\/","title":{"rendered":"O Nama"},"content":{"rendered":"<div class=\"gb-container gb-container-cb1ae2ac\">\n<div class=\"gb-container gb-container-d8ebf824 ImageBorderRad\"><\/div>\n\n<div class=\"gb-container gb-container-4eabc00a\">\n\n<h2 class=\"gb-headline gb-headline-57243b6e gb-headline-text\">Pomorska obuka od 1989<\/h2>\n\n\n\n<div class=\"gb-headline gb-headline-6ac88141 gb-headline-text\"><\/div>\n\n\n\n<h3 class=\"gb-headline gb-headline-419f8037 gb-headline-text\"><strong>Izvrsnost u pomorskoj obuci<\/strong> .<\/h3>\n\n\n\n<p class=\"gb-headline gb-headline-8365fd11 gb-headline-text\">Dobrodo\u0161li u Adria Libar, vode\u0107i centar za pomorsko obrazovanje i obuku u Hrvatskoj od 1989. godine. Nudimo \u0161irok raspon STCW certifikata (breveta) i te\u010dajeva, opremaju\u0107i pomorske stru\u010dnjake vje\u0161tinama i znanjem potrebnim za sigurnu plovidbu.<br><br>Zami\u0161ljamo pomorsku industriju u kojoj su sigurnost, profesionalnost i odr\u017eivost najva\u017eniji. Na\u0161 cilj je osna\u017eiti pojedince sa znanjem i vje\u0161tinama potrebnim za napredak u ovom dinami\u010dnom podru\u010dju dok istodobno poti\u010demo kulturu koja osigurava \u010di\u0161\u0107a mora za sljede\u0107e generacije.<\/p>\n\n<\/div>\n<\/div>\n\n<div class=\"gb-container gb-container-f5ccbd27\">\n<div class=\"gb-container gb-container-d5169065\">\n\n<h2 class=\"gb-headline gb-headline-e2e33b21 gb-headline-text\">Kakvu obuku nudite i po \u010demu se va\u0161 centar razlikuje od ostalih?<br><\/h2>\n\n\n\n<div class=\"gb-headline gb-headline-e3640c1d gb-headline-text headLine\"><\/div>\n\n\n\n<p>Potpomognuti timom iskusnih profesionalaca, na\u0161i instruktori donose bogato iskustvo u u\u010dionice. Njihova stru\u010dnost osigurava da na\u0161i delegati dobiju vrhunsku obuku, dr\u017ee\u0107i ih u toku s pomorskim standardima i praksom.<\/p>\n\n\n\n<p><strong>Moderni centar za obuku:<\/strong> Opremljen modernim sadr\u017eajima, uklju\u010duju\u0107i potpuno zatvoren \u010damac za spa\u0161avanje, prostrane u\u010dionice i nauti\u010dke simulatore, na\u0161 centar za obuku nudi okru\u017eenje za u\u010denje skrojeno prema potrebama dana\u0161njih pomoraca.<\/p>\n\n<\/div>\n\n<div class=\"gb-container gb-container-f1002719\">\n\n<h3 class=\"gb-headline gb-headline-7804e11e\"><span class=\"gb-icon\"><svg xmlns=\"http:\/\/www.w3.org\/2000\/svg\" xmlns:xlink=\"http:\/\/www.w3.org\/1999\/xlink\" version=\"1.1\" x=\"0px\" y=\"0px\" viewBox=\"0 0 90 112.5\" style=\"enable-background:new 0 0 90 90;\" xml:space=\"preserve\"><path d=\"M45.4,89.4c0.1,0,0.1-0.1,0.2-0.1c5.4-6.2,11.3-5.5,21.5-13.6c10.1-8,11.6-12.6,11.9-13.6c0-0.1,0.1-0.1,0.2-0.1  c0.9,0.6,2.1,1.9,3,3.4c0.1,0.1,0.2,0.1,0.2,0c2-8.2-1.1-13-1.6-14c0-0.1-0.1-0.1-0.2,0c-5.3,5-7.5,6.4-9,7.4  c-0.1,0.1,0,0.2,0.1,0.2c3,0.2,3.8,1,4,1.2c0.1,0,0.1,0.1,0,0.2c-3.6,4.1-8.8,6.9-13.7,8.7c0,0,0,0,0,0c-12.4,4.1-12.3-6.8-12.3-6.8  l0,0.1l-0.9-33.3l0,0c0,0-0.1-1.4,1.9-1.5l0.1,0c0,0,0.1,0,0.1,0l16-1.1c0.3,0,0.6-0.3,0.6-0.6v-1.9c0-0.3-0.3-0.6-0.6-0.6  l-18.3-1.2L48.4,15c2.6-1.2,4.5-3.8,4.5-6.9c0-4.2-3.4-7.6-7.6-7.6c-4.2,0-7.6,3.4-7.6,7.6c0,3.1,1.8,5.7,4.5,6.9l-0.2,7.3  l-18.3,1.2c-0.3,0-0.6,0.3-0.6,0.6V26c0,0.3,0.3,0.6,0.6,0.6l16,1.1c0,0,0.1,0,0.1,0l0.1,0c2,0.1,1.9,1.5,1.9,1.5l0,0l-0.9,33.3  l0-0.2c0,0,0.1,10.9-12.3,6.9c-4.9-1.9-10.2-4.6-13.7-8.7c0,0,0-0.1,0-0.2c0.3-0.2,1-1,4-1.2c0.1,0,0.2-0.1,0.1-0.2  c-1.5-0.9-3.7-2.4-9-7.4c-0.1-0.1-0.1-0.1-0.2,0c-0.5,1-3.6,5.8-1.6,14c0,0.1,0.2,0.1,0.2,0c0.9-1.5,2.1-2.8,3-3.4  c0.1,0,0.1,0,0.2,0.1c0.3,1,1.8,5.6,11.9,13.6c10.3,8.1,16.1,7.4,21.5,13.6C45.2,89.4,45.3,89.4,45.4,89.4 M45.7,12H45  c-2-0.2-3.5-1.8-3.5-3.9c0-2.1,1.7-3.9,3.9-3.9c2.1,0,3.9,1.7,3.9,3.9C49.3,10.1,47.7,11.8,45.7,12z\"><\/path><\/svg><\/span><span class=\"gb-headline-text\">Preko 30 godina obuke pomoraca<\/span><\/h3>\n\n\n\n<p class=\"gb-headline gb-headline-3253638f gb-headline-text\">Osnovan 1989. godine, na\u0161 pomorski centar za obuku je jedan od najdu\u017ee prisutnih centara u hrvatskom pomorstvu. S naslje\u0111em koje se prote\u017ee preko tri desetlje\u0107a, ponosni smo na na\u0161u predanost njegovanju vje\u0161tih pomoraca i pomorskih stru\u010dnjaka koji plove svjetskim vodama s povjerenjem i kompetentno\u0161\u0107u.<\/p>\n\n\n\n<h3 class=\"gb-headline gb-headline-4a406a7d\"><span class=\"gb-icon\"><svg xmlns:xlink=\"http:\/\/www.w3.org\/1999\/xlink\" xmlns=\"http:\/\/www.w3.org\/2000\/svg\" clip-rule=\"evenodd\" fill-rule=\"evenodd\" y=\"0px\" x=\"0px\" viewBox=\"0 0 8.4666 10.58325\" style=\"shape-rendering:geometricPrecision;text-rendering:geometricPrecision;image-rendering:optimizeQuality;\" xml:space=\"preserve\"><defs><style type=\"text\/css\"> .fil0 {fill:black;fill-rule:nonzero} <\/style><\/defs><g><path d=\"M7.0368 1.9754c0.6351,0.7741 0.8961,1.7326 0.8051,2.6561 -0.0911,0.9233 -0.5348,1.8124 -1.3087,2.4472l-0.0273 0.0222 0.264 0.3369 -0.0669 0.0522 -2.4602 -3.1404 0.0666 -0.0523 0.3046 0.3888c0.104,-0.0961 0.164,-0.2236 0.1769,-0.3557 0.0141,-0.1425 -0.0264,-0.2907 -0.1245,-0.4105 -0.0981,-0.1194 -0.2355,-0.188 -0.3781,-0.2022 -0.1425,-0.0142 -0.2905,0.0264 -0.4102,0.1246 -0.1199,0.0981 -0.1883,0.2356 -0.2024,0.378 -0.014,0.1423 0.0264,0.2906 0.1246,0.4102 0.1392,0.1983 0.3209,0.2205 0.5004,0.2573 -0.2253,0.0043 -0.3813,-0.0313 -0.5564,-0.2113 -0.1106,-0.1349 -0.1561,-0.3023 -0.1402,-0.4633l-0.0001 0c0.0159,-0.1611 0.0932,-0.3162 0.228,-0.4269 0.135,-0.1107 0.3025,-0.1563 0.4634,-0.1404 0.1611,0.0159 0.3162,0.0933 0.4268,0.2281 0.1108,0.1351 0.1565,0.3023 0.1406,0.4635 -0.0148,0.151 -0.0842,0.2969 -0.204,0.4058l0.4105 0.5239c0.2689,-0.2264 0.4229,-0.5397 0.455,-0.8645 0.0327,-0.3302 -0.0608,-0.6729 -0.2881,-0.9502 -0.2273,-0.2769 -0.5453,-0.4356 -0.8754,-0.4682 -0.2848,-0.0282 -0.579,0.0375 -0.8323,0.2019 -0.0341,0.1419 -0.1532,0.2505 -0.3004,0.2689 -0.1648,0.2016 -0.2611,0.4436 -0.2858,0.6927 -0.0325,0.3302 0.0608,0.6731 0.2882,0.9502 0.3325,0.4355 0.7099,0.5022 1.1399,0.5118 -0.447,0.0333 -0.824,-0.0116 -1.2055,-0.4581 -0.2419,-0.2948 -0.3415,-0.6601 -0.3068,-1.0121 0.0241,-0.2448 0.1134,-0.4832 0.2646,-0.687 -0.1669,-0.029 -0.2938,-0.1744 -0.2938,-0.3496 0,-0.1959 0.1588,-0.3547 0.3548,-0.3547 0.1885,0 0.3427,0.1471 0.354,0.3327 0.2567,-0.1499 0.5483,-0.2087 0.8312,-0.1808l0.0002 -0.0001c0.352,0.0347 0.6908,0.2039 0.9325,0.4987 0.2421,0.295 0.3418,0.6602 0.307,1.0122l-0.0001 0c-0.0344,0.3473 -0.1994,0.6818 -0.4869,0.923l0.3659 0.467c0.4208,-0.3459 0.6619,-0.8295 0.7113,-1.3319l0.0002 0c0.0497,-0.5026 -0.0927,-1.0246 -0.4387,-1.4464 -0.3459,-0.4217 -0.8302,-0.6635 -1.3329,-0.713l0 0c-0.5028,-0.0496 -1.0249,0.0928 -1.4467,0.4385 -0.4217,0.346 -0.6633,0.8304 -0.713,1.333l0 0.0001c-0.0496,0.5026 0.0928,1.0248 0.4388,1.4466 0.4229,0.5858 1.091,0.8428 1.7686,0.7078 -0.7427,0.1493 -1.2721,0.0314 -1.8342,-0.6541 -0.3607,-0.4395 -0.5091,-0.984 -0.4572,-1.5085l0.0001 -0.0001 -0.0001 -0.0001c0.0518,-0.5246 0.3036,-1.0295 0.7433,-1.3901 0.4395,-0.3607 0.9841,-0.509 1.5086,-0.4571l0 0c0.5246,0.0517 1.0297,0.3035 1.3902,0.7432 0.3607,0.4396 0.5089,0.984 0.4571,1.5086l0.0001 0c-0.0518,0.5246 -0.3036,1.0294 -0.7432,1.3902l0.4373 0.5582 0.0123 -0.0099c0.5615,-0.4608 0.8951,-1.0962 0.9869,-1.7628 -0.2077,-0.0494 -0.3621,-0.236 -0.3621,-0.4588 0,-0.2135 0.142,-0.394 0.3368,-0.452 -0.085,-0.4352 -0.276,-0.8563 -0.577,-1.2232 -0.2411,-0.2939 -0.5301,-0.5253 -0.8463,-0.6924 -0.0378,0.0328 -0.087,0.0527 -0.1409,0.0527 -0.1169,0 -0.212,-0.0934 -0.2148,-0.2096 -0.2157,-0.0776 -0.4399,-0.1278 -0.6667,-0.1502 -0.705,-0.0696 -1.4369,0.1298 -2.028,0.6148 -0.5912,0.4851 -0.93,1.1638 -0.9995,1.8687 -0.0697,0.7051 0.1298,1.4369 0.6149,2.028 0.5922,0.7593 1.5295,1.1316 2.4914,0.991 -0.9812,0.1752 -1.773,-0.044 -2.557,-0.9371 -0.4996,-0.6091 -0.7052,-1.3633 -0.6336,-2.0901 0.0719,-0.7268 0.421,-1.4263 1.0301,-1.926 0.609,-0.4995 1.3632,-0.7052 2.09,-0.6334 0.229,0.0226 0.4552,0.0727 0.6733,0.1498 0.0316,-0.0795 0.1092,-0.1357 0.1999,-0.1357 0.1187,0 0.2149,0.0962 0.2149,0.2149 0,0.0338 -0.0078,0.0657 -0.0217,0.0941 0.3211,0.1716 0.6143,0.4079 0.8595,0.7067 0.3101,0.3779 0.507,0.8116 0.5945,1.2602 0.017,-0.0018 0.0343,-0.0028 0.0519,-0.0028 0.2604,0 0.4716,0.2112 0.4716,0.4716 0,0.2605 -0.2112,0.4717 -0.4716,0.4717l-0.0258 -0.0007c-0.0946,0.687 -0.4386,1.3417 -1.0168,1.816l-0.0139 0.0112 0.423 0.54 0.0259 -0.0208c0.7556,-0.6199 1.1885,-1.4876 1.2775,-2.3888 0.0889,-0.9013 -0.1661,-1.8369 -0.7861,-2.5926 -0.6198,-0.7557 -1.4875,-1.1886 -2.3887,-1.2775 -0.9012,-0.0891 -1.8368,0.1659 -2.5926,0.7859 -0.7555,0.62 -1.1886,1.4876 -1.2775,2.3888 -0.089,0.9014 0.166,1.8369 0.7859,2.5925 0.8003,0.9634 1.998,1.3677 3.193,1.2656 -1.2479,0.1293 -2.2883,-0.109 -3.2599,-1.2106 -0.6351,-0.774 -0.8962,-1.7325 -0.8051,-2.656 0.0913,-0.9235 0.5348,-1.8122 1.3087,-2.4474 0.7739,-0.6349 1.7326,-0.896 2.656,-0.8049 0.9235,0.0912 1.8125,0.5346 2.4473,1.3086zm-4.9445 3.1037c0.0959,0 0.1736,0.0777 0.1736,0.1736 0,0.0959 -0.0777,0.1736 -0.1736,0.1736 -0.0959,0 -0.1736,-0.0777 -0.1736,-0.1736 0,-0.0959 0.0777,-0.1736 0.1736,-0.1736z\" class=\"fil0\"><\/path><\/g><\/svg><\/span><span class=\"gb-headline-text\">Vode\u0107i centar za obuku u Hrvatskoj<\/span><\/h3>\n\n\n\n<p class=\"gb-headline gb-headline-de556c3e gb-headline-text\">Iako je ukorijenjen u Hrvatskoj, na\u0161 centar za obuku slu\u017ei kao ulaz u globalnu pomorsku zajednicu. Na\u0161i pomorci mogu se na\u0107i kako plove svjetskim oceanima na brodovima svih vrsta, \u0161to svjedo\u010di o kvaliteti i relevantnosti na\u0161ih te\u010dajeva.<\/p>\n\n<\/div>\n<\/div>\n\n\n\n","protected":false},"excerpt":{"rendered":"<p>Pomorska obuka od 1989 Izvrsnost u pomorskoj obuci . Dobrodo\u0161li u Adria Libar, vode\u0107i centar za pomorsko obrazovanje i obuku u Hrvatskoj od 1989. godine. Nudimo \u0161irok raspon STCW certifikata (breveta) i te\u010dajeva, opremaju\u0107i pomorske stru\u010dnjake vje\u0161tinama i znanjem potrebnim &#8230; <\/p>\n<p class=\"read-more-container\"><a title=\"O Nama\" class=\"read-more button\" href=\"https:\/\/adrialibar.com\/hr\/o-nama\/#more-3490\" aria-label=\"Read more about O Nama\">Read More<\/a><\/p>\n","protected":false},"author":1,"featured_media":3592,"parent":0,"menu_order":0,"comment_status":"closed","ping_status":"closed","template":"","meta":{"_acf_changed":false,"inline_featured_image":false,"footnotes":""},"class_list":["post-3490","page","type-page","status-publish","has-post-thumbnail"],"acf":[],"_links":{"self":[{"href":"https:\/\/adrialibar.com\/hr\/wp-json\/wp\/v2\/pages\/3490","targetHints":{"allow":["GET"]}}],"collection":[{"href":"https:\/\/adrialibar.com\/hr\/wp-json\/wp\/v2\/pages"}],"about":[{"href":"https:\/\/adrialibar.com\/hr\/wp-json\/wp\/v2\/types\/page"}],"author":[{"embeddable":true,"href":"https:\/\/adrialibar.com\/hr\/wp-json\/wp\/v2\/users\/1"}],"replies":[{"embeddable":true,"href":"https:\/\/adrialibar.com\/hr\/wp-json\/wp\/v2\/comments?post=3490"}],"version-history":[{"count":8,"href":"https:\/\/adrialibar.com\/hr\/wp-json\/wp\/v2\/pages\/3490\/revisions"}],"predecessor-version":[{"id":8311,"href":"https:\/\/adrialibar.com\/hr\/wp-json\/wp\/v2\/pages\/3490\/revisions\/8311"}],"wp:featuredmedia":[{"embeddable":true,"href":"https:\/\/adrialibar.com\/hr\/wp-json\/wp\/v2\/media\/3592"}],"wp:attachment":[{"href":"https:\/\/adrialibar.com\/hr\/wp-json\/wp\/v2\/media?parent=3490"}],"curies":[{"name":"wp","href":"https:\/\/api.w.org\/{rel}","templated":true}]}}