{"id":3500,"date":"2024-03-13T22:31:17","date_gmt":"2024-03-13T21:31:17","guid":{"rendered":"https:\/\/adrialibar.com\/eu-fondovi\/"},"modified":"2024-11-17T15:28:31","modified_gmt":"2024-11-17T14:28:31","slug":"eu-fondovi","status":"publish","type":"page","link":"https:\/\/adrialibar.com\/hr\/eu-fondovi\/","title":{"rendered":"EU Fondovi"},"content":{"rendered":"\n<h2 class=\"wp-block-heading\">Digitalizacija Tvrtke AdriaLibar<\/h2>\n\n<p><em>Financira Europske unije \u2013 NextGenerationEU. Izneseni stavovi i mi\u0161ljenja samo su autorova i ne odra\u017eavaju nu\u017eno slu\u017ebena stajali\u0161ta Europske unije ili Europske komisije. Ni Europska unija ni Europska komisija ne mogu se smatrati odgovornima za njih.  <\/em><\/p>\n\n<p>Naziv projekta: <strong>Digitalizacija tvrtke Adria Libar doo<\/strong> <br\/>Oznaka projekta: NPOO.C1.1.2.R3-I3.01.0426  <br\/>Nositelj projekta: <a href=\"https:\/\/adrialibar.com\/hr\/\">ADRIA LIBAR doo<\/a><\/p>\n\n<p>Glavni cilj projekta: digitalna transformacija poslovanja poduze\u0107a nabavom i implementacijom <strong>ERP sustava<\/strong> i <strong>GMDSS sustava<\/strong> za ja\u010danje poslovanja i poslovnih procesa te ja\u010danje digitalnih vje\u0161tina zaposlenika, \u010dime se rje\u0161ava glavni problem nedovoljne konkurentnosti i donosi odr\u017eivu korist za ciljne skupine projekta: poduze\u0107e Adria libar, njegove zaposlene , poslovne partnere i polaznike.<\/p>\n\n<p>Ukupna vrijednost projekta:193.745,95 EUR \/ 1.459.778,86.HRK<br\/>Ukupni prihvatljivi izdaci projekta: 147.033,39 EUR\/ 1.107.823,08 HRK<br\/>Bespovratna sredstva: 88.220,03 EUR \/ 664.693,82 HRK &#8211; 60%  <br\/>Razdoblje provedbe: <strong>01.01.2023.-01.01.2025.<\/strong><\/p>\n\n<figure class=\"wp-block-image size-large is-resized\"><img decoding=\"async\" width=\"1024\" height=\"248\" src=\"https:\/\/adrialibar.com\/wp-content\/uploads\/2024\/03\/screenshot20230901at145634-1024x248.png\" alt=\"\" class=\"wp-image-2056\" style=\"width:246px;height:auto\" title=\"\" srcset=\"https:\/\/adrialibar.com\/wp-content\/uploads\/2024\/03\/screenshot20230901at145634-1024x248.png 1024w, https:\/\/adrialibar.com\/wp-content\/uploads\/2024\/03\/screenshot20230901at145634-300x73.png 300w, https:\/\/adrialibar.com\/wp-content\/uploads\/2024\/03\/screenshot20230901at145634-768x186.png 768w, https:\/\/adrialibar.com\/wp-content\/uploads\/2024\/03\/screenshot20230901at145634.png 1280w\" sizes=\"(max-width: 1024px) 100vw, 1024px\" \/><\/figure>\n\n<figure class=\"wp-block-image size-large is-resized\"><img decoding=\"async\" width=\"1024\" height=\"215\" src=\"https:\/\/adrialibar.com\/wp-content\/uploads\/2024\/03\/download-1024x215.png\" alt=\"\" class=\"wp-image-2058\" style=\"width:246px;height:auto\" title=\"\" srcset=\"https:\/\/adrialibar.com\/wp-content\/uploads\/2024\/03\/download-1024x215.png 1024w, https:\/\/adrialibar.com\/wp-content\/uploads\/2024\/03\/download-300x63.png 300w, https:\/\/adrialibar.com\/wp-content\/uploads\/2024\/03\/download-768x161.png 768w, https:\/\/adrialibar.com\/wp-content\/uploads\/2024\/03\/download.png 1280w\" sizes=\"(max-width: 1024px) 100vw, 1024px\" \/><\/figure>\n","protected":false},"excerpt":{"rendered":"<p>Digitalizacija Tvrtke AdriaLibar Financira Europske unije \u2013 NextGenerationEU. Izneseni stavovi i mi\u0161ljenja samo su autorova i ne odra\u017eavaju nu\u017eno slu\u017ebena stajali\u0161ta Europske unije ili Europske komisije. Ni Europska unija ni Europska komisija ne mogu se smatrati odgovornima za njih. Naziv &#8230; <\/p>\n<p class=\"read-more-container\"><a title=\"EU Fondovi\" class=\"read-more button\" href=\"https:\/\/adrialibar.com\/hr\/eu-fondovi\/#more-3500\" aria-label=\"Read more about EU Fondovi\">Read More<\/a><\/p>\n","protected":false},"author":1,"featured_media":0,"parent":0,"menu_order":0,"comment_status":"closed","ping_status":"closed","template":"","meta":{"_acf_changed":false,"inline_featured_image":false,"footnotes":""},"class_list":["post-3500","page","type-page","status-publish"],"acf":[],"_links":{"self":[{"href":"https:\/\/adrialibar.com\/hr\/wp-json\/wp\/v2\/pages\/3500","targetHints":{"allow":["GET"]}}],"collection":[{"href":"https:\/\/adrialibar.com\/hr\/wp-json\/wp\/v2\/pages"}],"about":[{"href":"https:\/\/adrialibar.com\/hr\/wp-json\/wp\/v2\/types\/page"}],"author":[{"embeddable":true,"href":"https:\/\/adrialibar.com\/hr\/wp-json\/wp\/v2\/users\/1"}],"replies":[{"embeddable":true,"href":"https:\/\/adrialibar.com\/hr\/wp-json\/wp\/v2\/comments?post=3500"}],"version-history":[{"count":2,"href":"https:\/\/adrialibar.com\/hr\/wp-json\/wp\/v2\/pages\/3500\/revisions"}],"predecessor-version":[{"id":3502,"href":"https:\/\/adrialibar.com\/hr\/wp-json\/wp\/v2\/pages\/3500\/revisions\/3502"}],"wp:attachment":[{"href":"https:\/\/adrialibar.com\/hr\/wp-json\/wp\/v2\/media?parent=3500"}],"curies":[{"name":"wp","href":"https:\/\/api.w.org\/{rel}","templated":true}]}}